{"id":99,"date":"2018-11-02T14:10:33","date_gmt":"2018-11-02T13:10:33","guid":{"rendered":"http:\/\/www.chambreslesvignes.fr\/site_wordpress\/?page_id=99"},"modified":"2025-01-26T16:06:55","modified_gmt":"2025-01-26T15:06:55","slug":"famille","status":"publish","type":"page","link":"https:\/\/www.chambreslesvignes.fr\/index.php\/famille\/","title":{"rendered":"Famille"},"content":{"rendered":"<p><img loading=\"lazy\" decoding=\"async\" class=\" wp-image-161 alignleft\" src=\"https:\/\/www.chambreslesvignes.fr\/site_wordpress\/wp-content\/uploads\/2018\/11\/P1010133-300x225.jpg\" alt=\"\" width=\"411\" height=\"308\" srcset=\"https:\/\/www.chambreslesvignes.fr\/wp-content\/uploads\/2018\/11\/P1010133-300x225.jpg 300w, https:\/\/www.chambreslesvignes.fr\/wp-content\/uploads\/2018\/11\/P1010133-768x576.jpg 768w, https:\/\/www.chambreslesvignes.fr\/wp-content\/uploads\/2018\/11\/P1010133-1024x768.jpg 1024w\" sizes=\"auto, (max-width: 411px) 100vw, 411px\" \/><\/p>\n<p>D\u00e9coration classique, blanc et bois&#8230; la chambre Famille poss\u00e8de deux lits doubles (140&#215;190) et est \u00e9quip\u00e9e avec d&rsquo;une salle d&rsquo;eau avec wc privatif .<\/p>\n<p>Cat\u00e9gorie: 2 \u00e9pis<\/p>\n<p>3 Pers 88\u20ac<br \/>\n4 Pers 91\u20ac<br \/>\nTaxe s\u00e9jour : 1 \u20ac pour deux adultes<\/p>\n<p>P.SUP.10.00 \u20ac<\/p>\n<p><a href=\"https:\/\/www.chambreslesvignes.fr\/index.php\/album-famille\/\">Plus de photos&#8230;<\/a>&nbsp; &nbsp; &nbsp; &nbsp; &nbsp; &nbsp; &nbsp;<a href=\"https:\/\/www.chambreslesvignes.fr\/index.php\/atelier\/\">Atelier<\/a><\/p>\n","protected":false},"excerpt":{"rendered":"<p>D\u00e9coration classique, blanc et bois&#8230; la chambre Famille poss\u00e8de deux lits doubles (140&#215;190) et est \u00e9quip\u00e9e avec d&rsquo;une salle d&rsquo;eau avec wc privatif . Cat\u00e9gorie: 2 \u00e9pis 3 Pers 88\u20ac 4 Pers 91\u20ac Taxe s\u00e9jour : 1 \u20ac pour deux <a href=\"https:\/\/www.chambreslesvignes.fr\/index.php\/famille\/\"> Read more&#8230;<\/a><\/p>\n","protected":false},"author":1,"featured_media":0,"parent":0,"menu_order":0,"comment_status":"closed","ping_status":"closed","template":"","meta":{"ngg_post_thumbnail":0,"footnotes":""},"class_list":["post-99","page","type-page","status-publish","hentry"],"_links":{"self":[{"href":"https:\/\/www.chambreslesvignes.fr\/index.php\/wp-json\/wp\/v2\/pages\/99","targetHints":{"allow":["GET"]}}],"collection":[{"href":"https:\/\/www.chambreslesvignes.fr\/index.php\/wp-json\/wp\/v2\/pages"}],"about":[{"href":"https:\/\/www.chambreslesvignes.fr\/index.php\/wp-json\/wp\/v2\/types\/page"}],"author":[{"embeddable":true,"href":"https:\/\/www.chambreslesvignes.fr\/index.php\/wp-json\/wp\/v2\/users\/1"}],"replies":[{"embeddable":true,"href":"https:\/\/www.chambreslesvignes.fr\/index.php\/wp-json\/wp\/v2\/comments?post=99"}],"version-history":[{"count":12,"href":"https:\/\/www.chambreslesvignes.fr\/index.php\/wp-json\/wp\/v2\/pages\/99\/revisions"}],"predecessor-version":[{"id":567,"href":"https:\/\/www.chambreslesvignes.fr\/index.php\/wp-json\/wp\/v2\/pages\/99\/revisions\/567"}],"wp:attachment":[{"href":"https:\/\/www.chambreslesvignes.fr\/index.php\/wp-json\/wp\/v2\/media?parent=99"}],"curies":[{"name":"wp","href":"https:\/\/api.w.org\/{rel}","templated":true}]}}