{"id":93,"date":"2018-11-02T14:10:17","date_gmt":"2018-11-02T13:10:17","guid":{"rendered":"http:\/\/www.chambreslesvignes.fr\/site_wordpress\/?page_id=93"},"modified":"2025-02-12T14:30:01","modified_gmt":"2025-02-12T13:30:01","slug":"carmin","status":"publish","type":"page","link":"https:\/\/www.chambreslesvignes.fr\/index.php\/carmin\/","title":{"rendered":"Carmin"},"content":{"rendered":"<p><img loading=\"lazy\" decoding=\"async\" class=\" wp-image-155 alignleft\" src=\"https:\/\/www.chambreslesvignes.fr\/site_wordpress\/wp-content\/uploads\/2018\/11\/P1010119-300x225.jpg\" alt=\"\" width=\"415\" height=\"311\" srcset=\"https:\/\/www.chambreslesvignes.fr\/wp-content\/uploads\/2018\/11\/P1010119-300x225.jpg 300w, https:\/\/www.chambreslesvignes.fr\/wp-content\/uploads\/2018\/11\/P1010119-768x576.jpg 768w, https:\/\/www.chambreslesvignes.fr\/wp-content\/uploads\/2018\/11\/P1010119-1024x768.jpg 1024w\" sizes=\"auto, (max-width: 415px) 100vw, 415px\" \/><\/p>\n<p>Joliment d\u00e9cor\u00e9e avec des tons rouges&#8230; la chambre Carmin est \u00e9quip\u00e9e avec douche et lavabo dans la chambre et les wc sont privatifs.<\/p>\n<p>Cat\u00e9gorie: 3 \u00e9pis<\/p>\n<p>Pour 2 personnes<\/p>\n<p>Tarif : 72\u20ac<\/p>\n<p style=\"text-align: left;\"><a href=\"https:\/\/www.chambreslesvignes.fr\/index.php\/album-carmin\/\">Plus de photos&#8230;&nbsp; &nbsp; &nbsp; &nbsp; &nbsp;<\/a><a href=\"https:\/\/www.chambreslesvignes.fr\/index.php\/nature\/\">Nature<\/a><\/p>\n","protected":false},"excerpt":{"rendered":"<p>Joliment d\u00e9cor\u00e9e avec des tons rouges&#8230; la chambre Carmin est \u00e9quip\u00e9e avec douche et lavabo dans la chambre et les wc sont privatifs. Cat\u00e9gorie: 3 \u00e9pis Pour 2 personnes Tarif : 72\u20ac Plus de photos&#8230;&nbsp; &nbsp; &nbsp; &nbsp; &nbsp;Nature<\/p>\n","protected":false},"author":1,"featured_media":0,"parent":0,"menu_order":0,"comment_status":"closed","ping_status":"closed","template":"","meta":{"ngg_post_thumbnail":0,"footnotes":""},"class_list":["post-93","page","type-page","status-publish","hentry"],"_links":{"self":[{"href":"https:\/\/www.chambreslesvignes.fr\/index.php\/wp-json\/wp\/v2\/pages\/93","targetHints":{"allow":["GET"]}}],"collection":[{"href":"https:\/\/www.chambreslesvignes.fr\/index.php\/wp-json\/wp\/v2\/pages"}],"about":[{"href":"https:\/\/www.chambreslesvignes.fr\/index.php\/wp-json\/wp\/v2\/types\/page"}],"author":[{"embeddable":true,"href":"https:\/\/www.chambreslesvignes.fr\/index.php\/wp-json\/wp\/v2\/users\/1"}],"replies":[{"embeddable":true,"href":"https:\/\/www.chambreslesvignes.fr\/index.php\/wp-json\/wp\/v2\/comments?post=93"}],"version-history":[{"count":18,"href":"https:\/\/www.chambreslesvignes.fr\/index.php\/wp-json\/wp\/v2\/pages\/93\/revisions"}],"predecessor-version":[{"id":572,"href":"https:\/\/www.chambreslesvignes.fr\/index.php\/wp-json\/wp\/v2\/pages\/93\/revisions\/572"}],"wp:attachment":[{"href":"https:\/\/www.chambreslesvignes.fr\/index.php\/wp-json\/wp\/v2\/media?parent=93"}],"curies":[{"name":"wp","href":"https:\/\/api.w.org\/{rel}","templated":true}]}}