{"id":69,"date":"2018-11-02T13:55:42","date_gmt":"2018-11-02T12:55:42","guid":{"rendered":"http:\/\/www.chambreslesvignes.fr\/site_wordpress\/?page_id=69"},"modified":"2024-12-25T11:41:13","modified_gmt":"2024-12-25T10:41:13","slug":"le-gite","status":"publish","type":"page","link":"https:\/\/www.chambreslesvignes.fr\/index.php\/le-gite\/","title":{"rendered":"Le g\u00eete"},"content":{"rendered":"<p><img loading=\"lazy\" decoding=\"async\" class=\" wp-image-262 alignleft\" src=\"https:\/\/www.chambreslesvignes.fr\/site_wordpress\/wp-content\/uploads\/2018\/12\/P1070135-300x225.jpg\" alt=\"\" width=\"381\" height=\"286\" srcset=\"https:\/\/www.chambreslesvignes.fr\/wp-content\/uploads\/2018\/12\/P1070135-300x225.jpg 300w, https:\/\/www.chambreslesvignes.fr\/wp-content\/uploads\/2018\/12\/P1070135-768x576.jpg 768w, https:\/\/www.chambreslesvignes.fr\/wp-content\/uploads\/2018\/12\/P1070135-1024x768.jpg 1024w\" sizes=\"auto, (max-width: 381px) 100vw, 381px\" \/><\/p>\n<p>Venez d\u00e9couvrir la Normandie en famille, en couple ou entre amis pour une ou plusieurs semaines dans notre g\u00eete ! Vous pourrez visiter la campagne du Pays d&rsquo;Auge typique avec ses maisons \u00e0 colombages, ses champs de pommiers en fleurs au printemps&#8230; sa route du cidre avec ses distilleries et cave \u00e0 visiter, le calvados, le pommeau, le poiret et sa route des fromages ! toute cette gastronomie gourmande normande mais aussi vous d\u00e9tendre \u00e0 la mer! en vous dirigeant \u00e0 l&rsquo;Est, vous pourrez visiter Cabourg et son grand H\u00f4tel et poursuivre la route vers Houlgate d\u00e9couvrir son architecture du d\u00e9but du si\u00e8cle et continuer pas son sentier de la falaise des Vaches Noires pour vous pourrez finir et cette vir\u00e9e par Honfleur et ses galeries de peinture ainsi que la visite Chapelle Sainte Catherine nich\u00e9e sur les hauteurs du village.<br \/>\nVers l&rsquo;ouest vous pourrez apprendre l&rsquo;histoire du d\u00e9barquement, ses mus\u00e9es, ses plage&#8230; Le g\u00eete est id\u00e9al pour se r\u00e9unir : convivial, il saura mettre de la chaleur dans vos soir\u00e9es! Se retrouver autour de la chemin\u00e9e ou encore passer du temps sur la terrasse seront des choses simples pour des moments agr\u00e9ables!<\/p>\n<p>Tarifs:<br \/>\n90\u20ac\/nuit, minimum 3 nuits en haute saison (15\/06 au 15\/09)<br \/>\n75\u20ac\/ nuit, minimum 3 nuits en moyenne saison<br \/>\n55\u20ac\/ nuit, minimum 3 nuits en basse saison.<br \/>\nTarif d\u00e9gressif au del\u00e0 du minimum de nuit, nous consulter.<br \/>\ne-ch\u00e9ques vacances accept\u00e9s<\/p>\n<p>65\u20ac le st\u00e8re de bois<br \/>\ncharges en plus: 0.25 \u20ac kwh sur relev\u00e9 compteur<br \/>\nTaxe de s\u00e9jour: 0,80\u20ac\/jour x adulte<\/p>\n<p><a href=\"https:\/\/www.chambreslesvignes.fr\/index.php\/album-le-gite\/\">Plus de photos&#8230;<\/a><\/p>\n","protected":false},"excerpt":{"rendered":"<p>Venez d\u00e9couvrir la Normandie en famille, en couple ou entre amis pour une ou plusieurs semaines dans notre g\u00eete ! Vous pourrez visiter la campagne du Pays d&rsquo;Auge typique avec ses maisons \u00e0 colombages, ses champs de pommiers en fleurs <a href=\"https:\/\/www.chambreslesvignes.fr\/index.php\/le-gite\/\"> Read more&#8230;<\/a><\/p>\n","protected":false},"author":1,"featured_media":0,"parent":0,"menu_order":0,"comment_status":"closed","ping_status":"closed","template":"","meta":{"ngg_post_thumbnail":0,"footnotes":""},"class_list":["post-69","page","type-page","status-publish","hentry"],"_links":{"self":[{"href":"https:\/\/www.chambreslesvignes.fr\/index.php\/wp-json\/wp\/v2\/pages\/69","targetHints":{"allow":["GET"]}}],"collection":[{"href":"https:\/\/www.chambreslesvignes.fr\/index.php\/wp-json\/wp\/v2\/pages"}],"about":[{"href":"https:\/\/www.chambreslesvignes.fr\/index.php\/wp-json\/wp\/v2\/types\/page"}],"author":[{"embeddable":true,"href":"https:\/\/www.chambreslesvignes.fr\/index.php\/wp-json\/wp\/v2\/users\/1"}],"replies":[{"embeddable":true,"href":"https:\/\/www.chambreslesvignes.fr\/index.php\/wp-json\/wp\/v2\/comments?post=69"}],"version-history":[{"count":16,"href":"https:\/\/www.chambreslesvignes.fr\/index.php\/wp-json\/wp\/v2\/pages\/69\/revisions"}],"predecessor-version":[{"id":557,"href":"https:\/\/www.chambreslesvignes.fr\/index.php\/wp-json\/wp\/v2\/pages\/69\/revisions\/557"}],"wp:attachment":[{"href":"https:\/\/www.chambreslesvignes.fr\/index.php\/wp-json\/wp\/v2\/media?parent=69"}],"curies":[{"name":"wp","href":"https:\/\/api.w.org\/{rel}","templated":true}]}}