{"id":102,"date":"2018-11-02T14:10:43","date_gmt":"2018-11-02T13:10:43","guid":{"rendered":"http:\/\/www.chambreslesvignes.fr\/site_wordpress\/?page_id=102"},"modified":"2025-02-12T14:28:16","modified_gmt":"2025-02-12T13:28:16","slug":"atelier","status":"publish","type":"page","link":"https:\/\/www.chambreslesvignes.fr\/index.php\/atelier\/","title":{"rendered":"Atelier"},"content":{"rendered":"<p><img loading=\"lazy\" decoding=\"async\" class=\" wp-image-158 alignleft\" src=\"https:\/\/www.chambreslesvignes.fr\/site_wordpress\/wp-content\/uploads\/2018\/11\/P1010140-225x300.jpg\" alt=\"\" width=\"349\" height=\"465\" srcset=\"https:\/\/www.chambreslesvignes.fr\/wp-content\/uploads\/2018\/11\/P1010140-225x300.jpg 225w, https:\/\/www.chambreslesvignes.fr\/wp-content\/uploads\/2018\/11\/P1010140-768x1024.jpg 768w\" sizes=\"auto, (max-width: 349px) 100vw, 349px\" \/><\/p>\n<p>Pour plus d\u2019ind\u00e9pendance, dans une annexe, mitoyenne \u00e0 un g\u00eete cette chambre est \u00e9quip\u00e9e d&rsquo;une salle d&rsquo;eau et wc particulier.<\/p>\n<p>Cat\u00e9gorie: 3 \u00e9pis<\/p>\n<p>Pour 2 personnes<\/p>\n<p>Tarif: 73 \u20ac<\/p>\n<p><a href=\"https:\/\/www.chambreslesvignes.fr\/index.php\/album-ateiler\/\">Plus de photos&#8230;<\/a>&nbsp; &nbsp; &nbsp; &nbsp; &nbsp; &nbsp; &nbsp;<a href=\"https:\/\/www.chambreslesvignes.fr\/index.php\/carmin\/\">Carmin<\/a><\/p>\n","protected":false},"excerpt":{"rendered":"<p>Pour plus d\u2019ind\u00e9pendance, dans une annexe, mitoyenne \u00e0 un g\u00eete cette chambre est \u00e9quip\u00e9e d&rsquo;une salle d&rsquo;eau et wc particulier. Cat\u00e9gorie: 3 \u00e9pis Pour 2 personnes Tarif: 73 \u20ac Plus de photos&#8230;&nbsp; &nbsp; &nbsp; &nbsp; &nbsp; &nbsp; &nbsp;Carmin<\/p>\n","protected":false},"author":1,"featured_media":0,"parent":0,"menu_order":0,"comment_status":"closed","ping_status":"closed","template":"","meta":{"ngg_post_thumbnail":0,"footnotes":""},"class_list":["post-102","page","type-page","status-publish","hentry"],"_links":{"self":[{"href":"https:\/\/www.chambreslesvignes.fr\/index.php\/wp-json\/wp\/v2\/pages\/102","targetHints":{"allow":["GET"]}}],"collection":[{"href":"https:\/\/www.chambreslesvignes.fr\/index.php\/wp-json\/wp\/v2\/pages"}],"about":[{"href":"https:\/\/www.chambreslesvignes.fr\/index.php\/wp-json\/wp\/v2\/types\/page"}],"author":[{"embeddable":true,"href":"https:\/\/www.chambreslesvignes.fr\/index.php\/wp-json\/wp\/v2\/users\/1"}],"replies":[{"embeddable":true,"href":"https:\/\/www.chambreslesvignes.fr\/index.php\/wp-json\/wp\/v2\/comments?post=102"}],"version-history":[{"count":19,"href":"https:\/\/www.chambreslesvignes.fr\/index.php\/wp-json\/wp\/v2\/pages\/102\/revisions"}],"predecessor-version":[{"id":571,"href":"https:\/\/www.chambreslesvignes.fr\/index.php\/wp-json\/wp\/v2\/pages\/102\/revisions\/571"}],"wp:attachment":[{"href":"https:\/\/www.chambreslesvignes.fr\/index.php\/wp-json\/wp\/v2\/media?parent=102"}],"curies":[{"name":"wp","href":"https:\/\/api.w.org\/{rel}","templated":true}]}}